{"id":4,"date":"2019-06-20T16:29:17","date_gmt":"2019-06-20T16:29:17","guid":{"rendered":"http:\/\/fahrzeugpflege-konrad.de\/?page_id=4"},"modified":"2025-12-22T11:22:05","modified_gmt":"2025-12-22T11:22:05","slug":"home","status":"publish","type":"page","link":"https:\/\/fahrzeugpflege-konrad.de\/","title":{"rendered":"Home"},"content":{"rendered":"<p><img decoding=\"async\" src=\"\/wp-content\/uploads\/2025\/12\/2020_Logo_Konrad2.png\" alt=\"\"><\/p>\n<h3>Wir bringen Sie und Ihr Fahrzeug zum strahlen!<\/h3>\n<div>Professionelle Fahrzeugpflege aus Meschede \u2013 f\u00fcr Privat- und Gesch\u00e4ftskunden im Sauerland.<br \/>\nMit Erfahrung, Sorgfalt und dem Blick f\u00fcrs Detail k\u00fcmmern wir uns um dein Fahrzeug.<\/div>\n<ul>\n<li>\n<p>\n        <a href=\"tel:+4901602760564\">+49 (0) 160 2760564<\/a>\n    <\/p>\n<\/li>\n<li>\n<p>\n        <a href=\"#\">ralf@fahrzeugpflege-konrad.de<\/a>\n    <\/p>\n<\/li>\n<\/ul>\n<ul>\n<li>\n<h3>Standort<\/h3>\n<div>\n<p>Im Schlahbruch 31<br \/>59872 Meschede<\/p>\n<\/div>\n<\/li>\n<li>\n<h3>\u00d6ffnungszeiten<\/h3>\n<div>Mo. bis Fr. 09:00 \u2013 17:00 Uhr<bR><br \/>\nSamstags nach Vereinbarung <\/div>\n<\/li>\n<\/ul>\n<h2>Unsere Leistungen<\/h2>\n<div>Ein gepflegtes Fahrzeug f\u00fchlt sich einfach besser an \u2013 egal ob im Alltag, beim Verkauf oder nach vielen Kilometern.<br \/>\nMit unseren Leistungen sorgen wir f\u00fcr Sauberkeit, Werterhalt und ein frisches Fahrgef\u00fchl.<br \/>\nVerschaffe dir hier einen \u00dcberblick \u00fcber unsere Angebote rund um professionelle Fahrzeugpflege.<\/div>\n<ul>\n<li>\n<p>        <img decoding=\"async\" src=\"\/wp-content\/uploads\/2025\/12\/Element-2.png\" alt=\"\"><\/p>\n<h3>Au\u00dfenpflege und Reinigung<\/h3>\n<div>\n<p>Au\u00dfenw\u00e4sche mit T\u00fcrfalzen, Felgenreinigung, Gr\u00fcndliches Aussaugen, Scheibenreinigung<br \/>\nInnenpflege und Reinigung.<\/p><\/div>\n<\/li>\n<li>\n<p>        <img decoding=\"async\" src=\"\/wp-content\/uploads\/2025\/12\/Element-1.png\" alt=\"\"><\/p>\n<h3>Innenpflege und Reinigung<\/h3>\n<div>\n<p>Pflege aller Kunststoffteile Innen, Polsterreinigung mit Spr\u00fchsauger, Scheibenreinigung.<\/p><\/div>\n<\/li>\n<li>\n<p>        <img decoding=\"async\" src=\"\/wp-content\/uploads\/2025\/12\/Element-7.png\" alt=\"\"><\/p>\n<h3>Cabrio-Pflege und Reinigung<\/h3>\n<div>\n<p>Cabrioverdeck-Reinigung, Verdeckversiegelung.<\/p><\/div>\n<\/li>\n<li>\n<p>        <img decoding=\"async\" src=\"\/wp-content\/uploads\/2025\/12\/Element-5.png\" alt=\"\"><\/p>\n<h3>Service f\u00fcr Privatpersonen<\/h3>\n<div>\n<p>Wertsteigerung Gebrauchtwagenverkauf, Neuwagen Feeling.<\/p><\/div>\n<\/li>\n<li>\n<p>        <img decoding=\"async\" src=\"\/wp-content\/uploads\/2025\/12\/Element-2.png\" alt=\"\"><\/p>\n<h3>Flotten Service<\/h3>\n<div>\nF\u00fcr Werkst\u00e4tten, Unternehmen, Gro\u00dfkunden\n<\/div>\n<\/li>\n<li>\n<p>        <img decoding=\"async\" src=\"\/wp-content\/uploads\/2025\/12\/Element-6.png\" alt=\"\"><\/p>\n<h3>Keramik Beschichtung<\/h3>\n<div>\n<p>Keramikversiegelung, Nanoversiegelung der Scheiben.\n<\/p><\/div>\n<\/li>\n<li>\n<p>        <img decoding=\"async\" src=\"\/wp-content\/uploads\/2025\/12\/Element-3.png\" alt=\"\"><\/p>\n<h3>Klimaanlagen Reinigung<\/h3>\n<div>\nWieder frische und saubere Luft, Optimierung der K\u00fchlleistung, Reinigung des gesamten Systems, Vermeidung neuer Verunreinigungen.<\/div>\n<\/li>\n<li>\n<p>        <img decoding=\"async\" src=\"\/wp-content\/uploads\/2025\/12\/Element-5.png\" alt=\"\"><\/p>\n<h3>Leder Aufarbeitung und Pflege<\/h3>\n<div>\nLeder Reinigung und Pflege, Milde oder Intensiv Reinigung, F\u00fcr alle Glattleder und Alcantara, Die optimale Lederreinigung.<\/div>\n<\/li>\n<li>\n<p>        <img decoding=\"async\" src=\"\/wp-content\/uploads\/2025\/12\/Element-3.png\" alt=\"\"><\/p>\n<h3>Geruchsneutralisation<\/h3>\n<div>\n<p>Intensive Geruchsneutralisierung durch Ozonbehandlung.<\/p><\/div>\n<\/li>\n<\/ul>\n<h2><img decoding=\"async\" src=\"http:\/\/fahrzeugpflege-konrad.de\/wp-content\/uploads\/2025\/12\/instagram.png\" alt=\"Instagram\" class=\"headline-icon__img\" \/><br class=\"uk-hidden@s\" \/> FOLLOW US<\/h2>\n<div>Hier bekommst du einen echten Einblick in unsere t\u00e4gliche Arbeit \u2013 von der gr\u00fcndlichen Innen- und Au\u00dfenpflege bis hin zu besonderen Aufbereitungen.<br \/>\nWir zeigen Ergebnisse, Abl\u00e4ufe und Fahrzeuge, wie sie wirklich bei uns aussehen.<br \/>\nFolge uns auf Instagram und begleite uns bei dem, was wir jeden Tag mit Leidenschaft machen.<\/div>\n<div>\n<p>    <!-- Elfsight Instagram Feed | Ralf Konrad --><br \/>\n<script src=\"https:\/\/elfsightcdn.com\/platform.js\" async><\/script><\/p>\n<div class=\"elfsight-app-34861ccf-7bd7-4012-930d-47a4d662b963\" data-elfsight-app-lazy><\/div>\n<\/div>\n<p><!--more--><br \/>\n<!-- {\"type\":\"layout\",\"children\":[{\"type\":\"section\",\"props\":{\"animation\":\"slide-left\",\"animation_delay\":\"200\",\"css\":\".el-section{\\n    \\n border-bottom: 5px solid #d8050d;   \\n    \\n}\",\"height\":\"pixels\",\"height_viewport\":800,\"image\":\"wp-content\\\/uploads\\\/2025\\\/12\\\/fahrzeugpflege-konrad.jpg\",\"image_position\":\"center-center\",\"image_size\":\"cover\",\"media_overlay\":\"rgba(73, 73, 73, 0.6)\",\"style\":\"secondary\",\"title_breakpoint\":\"xl\",\"title_position\":\"top-left\",\"title_rotation\":\"left\",\"vertical_align\":\"middle\",\"width\":\"large\"},\"children\":[{\"type\":\"row\",\"children\":[{\"type\":\"column\",\"props\":{\"image_position\":\"center-center\",\"position_sticky_breakpoint\":\"m\"},\"children\":[{\"type\":\"image\",\"props\":{\"animation\":\"slide-left\",\"image\":\"wp-content\\\/uploads\\\/2025\\\/12\\\/2020_Logo_Konrad2.png\",\"image_svg_color\":\"emphasis\",\"image_width\":600,\"margin\":\"default\",\"margin_remove_bottom\":true,\"text_align\":\"center\"}},{\"type\":\"headline\",\"props\":{\"animation\":\"slide-right\",\"content\":\"Wir bringen Sie und Ihr Fahrzeug zum strahlen!\",\"css\":\".el-element{\\n    \\n font-size: 32px;   \\n    \\n}\\n\\\/* Hide element if the viewport width is 600px or less *\\\/\\n@media screen and (max-width: 600px) {\\n .el-element{\\n     margin-top:20px !important;\\n    font-size: 24px;\\n     \\n    }\\n}\",\"margin_remove_top\":true,\"text_align\":\"center\",\"title_element\":\"h3\"}},{\"type\":\"text\",\"props\":{\"animation\":\"fade\",\"block_align\":\"center\",\"column_breakpoint\":\"m\",\"content\":\"Professionelle Fahrzeugpflege aus Meschede \\u2013 f\\u00fcr Privat- und Gesch\\u00e4ftskunden im Sauerland.\\nMit Erfahrung, Sorgfalt und dem Blick f\\u00fcrs Detail k\\u00fcmmern wir uns um dein Fahrzeug.\",\"css\":\".el-element{\\n    \\n font-size: 20px;\\nfont-weight: 600;   \\n    \\n}\\n\\n\\n\\\/* Hide element if the viewport width is 600px or less *\\\/\\n@media screen and (max-width: 600px) {\\n.el-element{\\n    \\n font-size: 16px;\\nfont-weight: 600;   \\n    \\n}\\n\\n}\",\"margin\":\"default\",\"maxwidth\":\"2xlarge\",\"text_align\":\"center\"}}]}]},{\"type\":\"row\",\"children\":[{\"type\":\"column\",\"props\":{\"image_position\":\"center-center\",\"position_sticky_breakpoint\":\"m\"},\"children\":[{\"type\":\"button\",\"props\":{\"animation\":\"fade\",\"css\":\".el-content{\\n          box-shadow: 0 3px 6px rgba(0,0,0,0.16), 0 3px 6px rgba(0,0,0,0.23);\\n    \\n\\n}\\n\\n\\\/* Hide element if the viewport width is 600px or less *\\\/\\n@media screen and (max-width: 600px) {\\n  .el-content{\\n     \\n   \\n        font-size: 14px;\\n     \\n     \\n    }\\n}\",\"grid_column_gap\":\"small\",\"grid_row_gap\":\"small\",\"margin\":\"default\",\"text_align\":\"center\"},\"children\":[{\"type\":\"button_item\",\"props\":{\"button_style\":\"primary\",\"content\":\"+49 (0) 160 2760564\",\"dialog_layout\":\"modal\",\"dialog_offcanvas_flip\":true,\"icon_align\":\"left\",\"link\":\"tel:+4901602760564\"}},{\"type\":\"button_item\",\"props\":{\"button_style\":\"primary\",\"content\":\"ralf@fahrzeugpflege-konrad.de\",\"dialog_layout\":\"modal\",\"dialog_offcanvas_flip\":true,\"icon_align\":\"left\",\"link\":\"#\"}}]}]}]},{\"type\":\"row\",\"children\":[{\"type\":\"column\",\"props\":{\"image_position\":\"center-center\",\"position_sticky_breakpoint\":\"m\"},\"children\":[{\"type\":\"grid\",\"props\":{\"animation\":\"parallax\",\"content_column_breakpoint\":\"m\",\"css\":\".el-title{\\n    \\n color: black;   \\n    \\n    \\n}\\n\\n.el-item{\\n    \\n    box-shadow: 0 3px 6px rgba(202, 200, 200, 0.16), 0 3px 6px rgba(193, 192, 192, 0.23);\\n    \\n    \\n}\\n\\n\\\/* Hide element if the viewport width is 600px or less *\\\/\\n@media screen and (max-width: 900px) {\\n .el-element{\\n     \\n     position:relative !important;\\n     \\n    }\\n}\",\"filter_align\":\"left\",\"filter_all\":true,\"filter_grid_breakpoint\":\"m\",\"filter_grid_width\":\"auto\",\"filter_position\":\"top\",\"filter_style\":\"tab\",\"grid_column_gap\":\"small\",\"grid_default\":\"1\",\"grid_medium\":\"2\",\"grid_row_gap\":\"small\",\"icon_width\":\"50\",\"image_align\":\"top\",\"image_grid_breakpoint\":\"m\",\"image_grid_width\":\"1-2\",\"image_svg_color\":\"emphasis\",\"item_animation\":true,\"lightbox_bg_close\":true,\"link_style\":\"default\",\"link_text\":\"Read more\",\"margin\":\"default\",\"meta_align\":\"below-title\",\"meta_element\":\"div\",\"meta_style\":\"text-meta\",\"panel_padding\":\"small\",\"panel_style\":\"card-default\",\"parallax_blur\":\"0 60%,5\",\"parallax_y\":\",\",\"position\":\"absolute\",\"position_top\":\"90\",\"show_content\":true,\"show_hover_image\":true,\"show_hover_video\":true,\"show_image\":true,\"show_link\":true,\"show_meta\":true,\"show_title\":true,\"show_video\":true,\"text_align\":\"center\",\"title_align\":\"top\",\"title_element\":\"h3\",\"title_grid_breakpoint\":\"m\",\"title_grid_width\":\"1-2\",\"title_hover_style\":\"reset\",\"title_style\":\"h3\"},\"children\":[{\"type\":\"grid_item\",\"props\":{\"content\":\"\n\n<p>Im Schlahbruch 31<br \\\/>59872 Meschede<\\\/p>\",\"icon\":\"\",\"title\":\"Standort\"}},{\"type\":\"grid_item\",\"props\":{\"content\":\"Mo. bis Fr. 09:00 \\u2013 17:00 Uhr<bR>\\nSamstags nach Vereinbarung \",\"icon\":\"\",\"title\":\"\\u00d6ffnungszeiten\"}}]}]}]}]},{\"type\":\"section\",\"props\":{\"animation\":\"slide-right\",\"image_position\":\"center-center\",\"padding\":\"large\",\"style\":\"secondary\",\"title_breakpoint\":\"xl\",\"title_position\":\"top-left\",\"title_rotation\":\"left\",\"vertical_align\":\"middle\",\"width\":\"large\"},\"children\":[{\"type\":\"row\",\"props\":{\"layout\":\"2-3,1-3\"},\"children\":[{\"type\":\"column\",\"props\":{\"image_position\":\"center-center\",\"position_sticky_breakpoint\":\"m\",\"width_medium\":\"2-3\"},\"children\":[{\"type\":\"headline\",\"props\":{\"content\":\"Unsere Leistungen\",\"title_element\":\"h2\"}},{\"type\":\"text\",\"props\":{\"column_breakpoint\":\"m\",\"content\":\"Ein gepflegtes Fahrzeug f\\u00fchlt sich einfach besser an \\u2013 egal ob im Alltag, beim Verkauf oder nach vielen Kilometern.\\nMit unseren Leistungen sorgen wir f\\u00fcr Sauberkeit, Werterhalt und ein frisches Fahrgef\\u00fchl.\\nVerschaffe dir hier einen \\u00dcberblick \\u00fcber unsere Angebote rund um professionelle Fahrzeugpflege.\",\"margin\":\"default\"}}]},{\"type\":\"column\",\"props\":{\"image_position\":\"center-center\",\"position_sticky_breakpoint\":\"m\",\"width_medium\":\"1-3\"}}]},{\"type\":\"row\",\"children\":[{\"type\":\"column\",\"props\":{\"image_position\":\"center-center\",\"position_sticky_breakpoint\":\"m\"},\"children\":[{\"type\":\"panel-slider\",\"props\":{\"animation\":\"parallax\",\"content_column_breakpoint\":\"m\",\"css\":\".el-title{\\n    \\n color: black;   \\n    \\n    \\n}\\n\\n.el-item{\\n    \\n   box-shadow: 0 3px 6px rgba(0,0,0,0.16), 0 3px 6px rgba(0,0,0,0.23);   \\n}\",\"icon_width\":80,\"image_align\":\"top\",\"image_grid_breakpoint\":\"m\",\"image_grid_width\":\"1-2\",\"image_height\":125,\"image_svg_color\":\"emphasis\",\"link_style\":\"default\",\"link_text\":\"Read more\",\"margin\":\"default\",\"meta_align\":\"below-title\",\"meta_element\":\"div\",\"meta_style\":\"text-meta\",\"nav\":\"dotnav\",\"nav_align\":\"center\",\"nav_breakpoint\":\"\",\"panel_match\":true,\"panel_padding\":\"small\",\"panel_style\":\"card-default\",\"parallax_blur\":\"0 60%,5\",\"parallax_y\":\",\",\"show_content\":true,\"show_hover_image\":true,\"show_hover_video\":true,\"show_image\":true,\"show_link\":true,\"show_meta\":true,\"show_title\":true,\"show_video\":true,\"slidenav\":\"outside\",\"slidenav_breakpoint\":\"xl\",\"slidenav_margin\":\"medium\",\"slidenav_outside_breakpoint\":\"xl\",\"slider_autoplay\":true,\"slider_autoplay_interval\":\"4\",\"slider_autoplay_pause\":true,\"slider_gap\":\"small\",\"slider_width\":\"fixed\",\"slider_width_default\":\"1-1\",\"slider_width_medium\":\"1-3\",\"title_align\":\"top\",\"title_element\":\"h3\",\"title_grid_breakpoint\":\"m\",\"title_grid_width\":\"1-2\",\"title_hover_style\":\"reset\",\"title_style\":\"h3\"},\"children\":[{\"type\":\"panel-slider_item\",\"props\":{\"content\":\"\\n\\nAu\\u00dfenw\\u00e4sche mit T\\u00fcrfalzen, Felgenreinigung, Gr\\u00fcndliches Aussaugen, Scheibenreinigung\\nInnenpflege und Reinigung.\",\"image\":\"wp-content\\\/uploads\\\/2025\\\/12\\\/Element-2.png\",\"title\":\"Au\\u00dfenpflege und Reinigung\"}},{\"type\":\"panel-slider_item\",\"props\":{\"content\":\"\\n\\nPflege aller Kunststoffteile Innen, Polsterreinigung mit Spr\\u00fchsauger, Scheibenreinigung.\",\"image\":\"wp-content\\\/uploads\\\/2025\\\/12\\\/Element-1.png\",\"title\":\"Innenpflege und Reinigung\"}},{\"type\":\"panel-slider_item\",\"props\":{\"content\":\"\\n\\nCabrioverdeck-Reinigung, Verdeckversiegelung.\",\"image\":\"wp-content\\\/uploads\\\/2025\\\/12\\\/Element-7.png\",\"title\":\"Cabrio-Pflege und Reinigung\"}},{\"type\":\"panel-slider_item\",\"props\":{\"content\":\"\\n\\nWertsteigerung Gebrauchtwagenverkauf, Neuwagen Feeling.\",\"image\":\"wp-content\\\/uploads\\\/2025\\\/12\\\/Element-5.png\",\"title\":\"Service f\\u00fcr Privatpersonen\"}},{\"type\":\"panel-slider_item\",\"props\":{\"content\":\"\\nF\\u00fcr Werkst\\u00e4tten, Unternehmen, Gro\\u00dfkunden\\n\",\"image\":\"wp-content\\\/uploads\\\/2025\\\/12\\\/Element-2.png\",\"title\":\"Flotten Service\"}},{\"type\":\"panel-slider_item\",\"props\":{\"content\":\"\\n\\nKeramikversiegelung, Nanoversiegelung der Scheiben.\\n\",\"image\":\"wp-content\\\/uploads\\\/2025\\\/12\\\/Element-6.png\",\"title\":\"Keramik Beschichtung\"}},{\"type\":\"panel-slider_item\",\"props\":{\"content\":\"\\nWieder frische und saubere Luft, Optimierung der K\\u00fchlleistung, Reinigung des gesamten Systems, Vermeidung neuer Verunreinigungen.\",\"image\":\"wp-content\\\/uploads\\\/2025\\\/12\\\/Element-3.png\",\"title\":\"Klimaanlagen Reinigung\"}},{\"type\":\"panel-slider_item\",\"props\":{\"content\":\"\\nLeder Reinigung und Pflege, Milde oder Intensiv Reinigung, F\\u00fcr alle Glattleder und Alcantara, Die optimale Lederreinigung.\",\"image\":\"wp-content\\\/uploads\\\/2025\\\/12\\\/Element-5.png\",\"title\":\"Leder Aufarbeitung und Pflege\"}},{\"type\":\"panel-slider_item\",\"props\":{\"content\":\"\\n\\nIntensive Geruchsneutralisierung durch Ozonbehandlung.\",\"image\":\"wp-content\\\/uploads\\\/2025\\\/12\\\/Element-3.png\",\"title\":\"Geruchsneutralisation\"}}]}]}]}]},{\"type\":\"section\",\"props\":{\"image_position\":\"center-center\",\"style\":\"muted\",\"title_breakpoint\":\"xl\",\"title_position\":\"top-left\",\"title_rotation\":\"left\",\"vertical_align\":\"middle\",\"width\":\"large\"},\"children\":[{\"type\":\"row\",\"children\":[{\"type\":\"column\",\"props\":{\"image_position\":\"center-center\",\"position_sticky_breakpoint\":\"m\"},\"children\":[{\"type\":\"headline\",\"props\":{\"content\":\"<img src=\\\"http:\\\/\\\/fahrzeugpflege-konrad.de\\\/wp-content\\\/uploads\\\/2025\\\/12\\\/instagram.png\\\" alt=\\\"Instagram\\\" class=\\\"headline-icon__img\\\" \\\/><br class=\\\"uk-hidden@s\\\" \\\/> FOLLOW US\",\"css\":\"img{\\n    \\n    \\n width:60px;\\nheight: 60px;   \\n    \\n    \\n}\",\"text_align\":\"center\",\"title_element\":\"h2\"}},{\"type\":\"text\",\"props\":{\"block_align\":\"center\",\"column_breakpoint\":\"m\",\"content\":\"Hier bekommst du einen echten Einblick in unsere t\\u00e4gliche Arbeit \\u2013 von der gr\\u00fcndlichen Innen- und Au\\u00dfenpflege bis hin zu besonderen Aufbereitungen.\\nWir zeigen Ergebnisse, Abl\\u00e4ufe und Fahrzeuge, wie sie wirklich bei uns aussehen.\\nFolge uns auf Instagram und begleite uns bei dem, was wir jeden Tag mit Leidenschaft machen.\",\"margin\":\"default\",\"maxwidth\":\"2xlarge\",\"text_align\":\"center\"}}]}]},{\"type\":\"row\",\"children\":[{\"type\":\"column\",\"props\":{\"image_position\":\"center-center\",\"position_sticky_breakpoint\":\"m\"},\"children\":[{\"type\":\"html\",\"props\":{\"content\":\"<!-- Elfsight Instagram Feed | Ralf Konrad -->\\n<script src=\\\"https:\\\/\\\/elfsightcdn.com\\\/platform.js\\\" async><\\\/script>\\n<\/p>\n<div class=\\\"elfsight-app-34861ccf-7bd7-4012-930d-47a4d662b963\\\" data-elfsight-app-lazy><\\\/div>\",\"css\":\".el-element{\\n    \\n    \\n       box-shadow: 0 3px 6px rgba(0,0,0,0.16), 0 3px 6px rgba(0,0,0,0.23);\\n       \\n}\"}}]}]}]}],\"version\":\"4.5.21\"} --><\/p>\n","protected":false},"excerpt":{"rendered":"<p>Wir bringen Sie und Ihr Fahrzeug zum strahlen! Professionelle Fahrzeugpflege aus Meschede \u2013 f\u00fcr Privat- und Gesch\u00e4ftskunden im Sauerland. Mit Erfahrung, Sorgfalt und dem Blick f\u00fcrs Detail k\u00fcmmern wir uns um dein Fahrzeug. +49 (0) 160 2760564 ralf@fahrzeugpflege-konrad.de Standort Im Schlahbruch 3159872 Meschede \u00d6ffnungszeiten Mo. bis Fr. 09:00 \u2013 17:00 Uhr Samstags nach Vereinbarung Unsere [&hellip;]<\/p>\n","protected":false},"author":1,"featured_media":0,"parent":0,"menu_order":3,"comment_status":"closed","ping_status":"closed","template":"","meta":{"_acf_changed":false,"footnotes":""},"class_list":["post-4","page","type-page","status-publish","hentry"],"acf":[],"_links":{"self":[{"href":"https:\/\/fahrzeugpflege-konrad.de\/index.php?rest_route=\/wp\/v2\/pages\/4","targetHints":{"allow":["GET"]}}],"collection":[{"href":"https:\/\/fahrzeugpflege-konrad.de\/index.php?rest_route=\/wp\/v2\/pages"}],"about":[{"href":"https:\/\/fahrzeugpflege-konrad.de\/index.php?rest_route=\/wp\/v2\/types\/page"}],"author":[{"embeddable":true,"href":"https:\/\/fahrzeugpflege-konrad.de\/index.php?rest_route=\/wp\/v2\/users\/1"}],"replies":[{"embeddable":true,"href":"https:\/\/fahrzeugpflege-konrad.de\/index.php?rest_route=%2Fwp%2Fv2%2Fcomments&post=4"}],"version-history":[{"count":98,"href":"https:\/\/fahrzeugpflege-konrad.de\/index.php?rest_route=\/wp\/v2\/pages\/4\/revisions"}],"predecessor-version":[{"id":2235,"href":"https:\/\/fahrzeugpflege-konrad.de\/index.php?rest_route=\/wp\/v2\/pages\/4\/revisions\/2235"}],"wp:attachment":[{"href":"https:\/\/fahrzeugpflege-konrad.de\/index.php?rest_route=%2Fwp%2Fv2%2Fmedia&parent=4"}],"curies":[{"name":"wp","href":"https:\/\/api.w.org\/{rel}","templated":true}]}}